{"id":96,"date":"2023-12-16T07:16:02","date_gmt":"2023-12-16T07:16:02","guid":{"rendered":"https:\/\/kingas-welt.de\/?page_id=96"},"modified":"2023-12-16T07:16:02","modified_gmt":"2023-12-16T07:16:02","slug":"impressum","status":"publish","type":"page","link":"https:\/\/www.kingas-welt.de\/index.php\/impressum\/","title":{"rendered":"Impressum"},"content":{"rendered":"<p>Angaben gem\u00e4\u00df \u00a7 5 TMG<\/p>\n<p>Kinga Endres<br \/>\nWittelsbacherstra\u00dfe 53c<br \/>\n90475 N\u00fcrnberg<br \/>\nEmail: info@kingas-welt.de<br \/>\nTelefon: 0171 \/ 1029194<\/p>\n<p>&nbsp;<\/p>\n<p>Verantwortlich f\u00fcr den Inhalt nach \u00a7 18 Abs. 2 MStV:<\/p>\n<p>Kinga Endres<br \/>\nWittelsbacherstra\u00dfe 53c<br \/>\n90475 N\u00fcrnberg<\/p>\n<p>&nbsp;<\/p>\n<p>Information zur EU-weiten Regelung zur Online-Streitbeilegung<br \/>\nDie Europ\u00e4ische Kommission stellt eine Plattform zur Online-Streitbeilegung (sog. \u201eOSPlattform\u201c) bereit.<br \/>\nDiese finden Sie unter <a href=\"https:\/\/ec.europa.eu\/consumers\/odr\/\">https:\/\/ec.europa.eu\/consumers\/odr\/<\/a>.<\/p>\n<p>Verbraucherschlichtung, Information gem\u00e4\u00df \u00a7 36 VSBG.<br \/>\nUnsere Firma ist weder bereit noch verpflichtet, an Streitbeilegungsverfahren vor einer Verbraucherschlichtungsstelle teilzunehmen.<\/p>\n","protected":false},"excerpt":{"rendered":"<p>Angaben gem\u00e4\u00df \u00a7 5 TMG Kinga Endres Wittelsbacherstra\u00dfe 53c 90475 N\u00fcrnberg Email: info@kingas-welt.de Telefon: 0171 \/ 1029194 &nbsp; Verantwortlich f\u00fcr den Inhalt nach \u00a7 18 Abs. 2 MStV: Kinga Endres Wittelsbacherstra\u00dfe 53c 90475 N\u00fcrnberg &nbsp; Information zur EU-weiten Regelung zur Online-Streitbeilegung Die Europ\u00e4ische Kommission stellt eine Plattform zur Online-Streitbeilegung (sog. \u201eOSPlattform\u201c) bereit. Diese finden Sie [&hellip;]<\/p>\n","protected":false},"author":1,"featured_media":0,"parent":0,"menu_order":0,"comment_status":"closed","ping_status":"closed","template":"","meta":{"footnotes":""},"class_list":["post-96","page","type-page","status-publish","hentry"],"_links":{"self":[{"href":"https:\/\/www.kingas-welt.de\/index.php\/wp-json\/wp\/v2\/pages\/96","targetHints":{"allow":["GET"]}}],"collection":[{"href":"https:\/\/www.kingas-welt.de\/index.php\/wp-json\/wp\/v2\/pages"}],"about":[{"href":"https:\/\/www.kingas-welt.de\/index.php\/wp-json\/wp\/v2\/types\/page"}],"author":[{"embeddable":true,"href":"https:\/\/www.kingas-welt.de\/index.php\/wp-json\/wp\/v2\/users\/1"}],"replies":[{"embeddable":true,"href":"https:\/\/www.kingas-welt.de\/index.php\/wp-json\/wp\/v2\/comments?post=96"}],"version-history":[{"count":1,"href":"https:\/\/www.kingas-welt.de\/index.php\/wp-json\/wp\/v2\/pages\/96\/revisions"}],"predecessor-version":[{"id":97,"href":"https:\/\/www.kingas-welt.de\/index.php\/wp-json\/wp\/v2\/pages\/96\/revisions\/97"}],"wp:attachment":[{"href":"https:\/\/www.kingas-welt.de\/index.php\/wp-json\/wp\/v2\/media?parent=96"}],"curies":[{"name":"wp","href":"https:\/\/api.w.org\/{rel}","templated":true}]}}